{"id":282,"date":"2016-12-13T23:28:25","date_gmt":"2016-12-13T22:28:25","guid":{"rendered":"http:\/\/arser.org\/?page_id=282"},"modified":"2025-12-18T03:41:16","modified_gmt":"2025-12-18T02:41:16","slug":"mentions-legales","status":"publish","type":"page","link":"https:\/\/arser.org\/fr\/mentions-legales\/","title":{"rendered":"Mentions L\u00e9gales"},"content":{"rendered":"<p>Conform\u00e9ment \u00e0 l\u2019article 6 de la loi du 21 juin 2004, dite Loi de confiance dans l\u2019\u00e9conomie num\u00e9rique (LCEN), vous pouvez trouver ci-dessous les informations r\u00e9glementaires correspondantes.<\/p>\n<p><strong>Editeur du site :<\/strong><\/p>\n<p>Le site arser.org est \u00e9dit\u00e9 par l\u2019Association pour la Recherche sur les S\u00e9quelles de la Radioth\u00e9rapie (ARSER), association r\u00e9gie par la loi de 1901, dont le si\u00e8ge social est situ\u00e9 au 5<sup>bis<\/sup> villa \u00c9mile Bergerat, 92200 Neuilly-sur-Seine, immatricul\u00e9e \u00e0 la Pr\u00e9fecture des Hauts-de-Seine sous le num\u00e9ro W922003479 (SIRET 532 336 724 00010).<\/p>\n<p><strong>Responsable de publication :<\/strong><\/p>\n<p>P<sup>r<\/sup> Sylvie DELANIAN, Pr\u00e9sidente de l\u2019Association.<\/p>\n<p><strong>Contact :<\/strong> <script>\nfunction ancreBB(nom, domaine, innerText=null)\n{\n    const mailBB = nom + String.fromCharCode(0x40) + domaine;\n    document.write('<a href=\"mailto:'+mailBB+'\">'+(innerText??mailBB)+'<\/a>.');\n}\n    ancreBB(\"ecrire.arser\", \"gmail.com\")\n<\/script><\/p>\n<p><strong>H\u00e9bergeur :<\/strong><\/p>\n<p>O2switch<br \/>\nChemin des Pardiaux<br \/>\n63000 Clermont-Ferrand<br \/>\nT\u00e9l. : +33 (0)4 44 44 60 40<\/p>\n<p>SIRET 510 909 80700024<\/p>","protected":false},"excerpt":{"rendered":"<p>Conform\u00e9ment \u00e0 l\u2019article 6 de la loi du 21 juin 2004, dite Loi de confiance dans l\u2019\u00e9conomie num\u00e9rique (LCEN), vous pouvez trouver ci-dessous les informations r\u00e9glementaires correspondantes. Editeur du site : Le site arser.org est \u00e9dit\u00e9 par l\u2019Association pour la Recherche sur les S\u00e9quelles de la Radioth\u00e9rapie (ARSER), association r\u00e9gie par la loi de 1901, &hellip; <a href=\"https:\/\/arser.org\/fr\/mentions-legales\/\" class=\"more-link\">Continuer la lecture<span class=\"screen-reader-text\"> de &laquo;&nbsp;Mentions L\u00e9gales&nbsp;&raquo;<\/span><\/a><\/p>\n","protected":false},"author":1,"featured_media":0,"parent":0,"menu_order":0,"comment_status":"closed","ping_status":"closed","template":"","meta":{"_bbp_topic_count":0,"_bbp_reply_count":0,"_bbp_total_topic_count":0,"_bbp_total_reply_count":0,"_bbp_voice_count":0,"_bbp_anonymous_reply_count":0,"_bbp_topic_count_hidden":0,"_bbp_reply_count_hidden":0,"_bbp_forum_subforum_count":0,"footnotes":""},"class_list":["post-282","page","type-page","status-publish","hentry"],"yoast_head":"<!-- This site is optimized with the Yoast SEO plugin v27.3 - https:\/\/yoast.com\/product\/yoast-seo-wordpress\/ -->\n<title>Mentions L\u00e9gales - Association pour la Recherche sur les S\u00e9quelles de la Radioth\u00e9rapie<\/title>\n<meta name=\"robots\" content=\"index, follow, max-snippet:-1, max-image-preview:large, max-video-preview:-1\" \/>\n<link rel=\"canonical\" href=\"https:\/\/arser.org\/fr\/mentions-legales\/\" \/>\n<meta property=\"og:locale\" content=\"fr_FR\" \/>\n<meta property=\"og:type\" content=\"article\" \/>\n<meta property=\"og:title\" content=\"Mentions L\u00e9gales - Association pour la Recherche sur les S\u00e9quelles de la Radioth\u00e9rapie\" \/>\n<meta property=\"og:description\" content=\"Conform\u00e9ment \u00e0 l\u2019article 6 de la loi du 21 juin 2004, dite Loi de confiance dans l\u2019\u00e9conomie num\u00e9rique (LCEN), vous pouvez trouver ci-dessous les informations r\u00e9glementaires correspondantes. Editeur du site : Le site arser.org est \u00e9dit\u00e9 par l\u2019Association pour la Recherche sur les S\u00e9quelles de la Radioth\u00e9rapie (ARSER), association r\u00e9gie par la loi de 1901, &hellip; Continuer la lecture de &laquo;&nbsp;Mentions L\u00e9gales&nbsp;&raquo;\" \/>\n<meta property=\"og:url\" content=\"https:\/\/arser.org\/fr\/mentions-legales\/\" \/>\n<meta property=\"og:site_name\" content=\"Association pour la Recherche sur les S\u00e9quelles de la Radioth\u00e9rapie\" \/>\n<meta property=\"article:publisher\" content=\"https:\/\/www.facebook.com\/profile.php?id=100086562396208\" \/>\n<meta property=\"article:modified_time\" content=\"2025-12-18T02:41:16+00:00\" \/>\n<meta name=\"twitter:card\" content=\"summary_large_image\" \/>\n<meta name=\"twitter:label1\" content=\"Dur\u00e9e de lecture estim\u00e9e\" \/>\n\t<meta name=\"twitter:data1\" content=\"1 minute\" \/>\n<script type=\"application\/ld+json\" class=\"yoast-schema-graph\">{\"@context\":\"https:\\\/\\\/schema.org\",\"@graph\":[{\"@type\":\"WebPage\",\"@id\":\"https:\\\/\\\/arser.org\\\/fr\\\/mentions-legales\\\/\",\"url\":\"https:\\\/\\\/arser.org\\\/fr\\\/mentions-legales\\\/\",\"name\":\"Mentions L\u00e9gales - Association pour la Recherche sur les S\u00e9quelles de la Radioth\u00e9rapie\",\"isPartOf\":{\"@id\":\"https:\\\/\\\/arser.org\\\/fr\\\/#website\"},\"datePublished\":\"2016-12-13T22:28:25+00:00\",\"dateModified\":\"2025-12-18T02:41:16+00:00\",\"breadcrumb\":{\"@id\":\"https:\\\/\\\/arser.org\\\/fr\\\/mentions-legales\\\/#breadcrumb\"},\"inLanguage\":\"fr-FR\",\"potentialAction\":[{\"@type\":\"ReadAction\",\"target\":[[\"https:\\\/\\\/arser.org\\\/fr\\\/mentions-legales\\\/\"]]}]},{\"@type\":\"BreadcrumbList\",\"@id\":\"https:\\\/\\\/arser.org\\\/fr\\\/mentions-legales\\\/#breadcrumb\",\"itemListElement\":[{\"@type\":\"ListItem\",\"position\":1,\"name\":\"Accueil\",\"item\":\"https:\\\/\\\/arser.org\\\/fr\\\/\"},{\"@type\":\"ListItem\",\"position\":2,\"name\":\"Mentions L\u00e9gales\"}]},{\"@type\":\"WebSite\",\"@id\":\"https:\\\/\\\/arser.org\\\/fr\\\/#website\",\"url\":\"https:\\\/\\\/arser.org\\\/fr\\\/\",\"name\":\"Association pour la Recherche sur les S\u00e9quelles de la Radioth\u00e9rapie\",\"description\":\"Aider les patients ayant suivi une radioth\u00e9rapie \u00e0 en minimiser les s\u00e9quelles\",\"publisher\":{\"@id\":\"https:\\\/\\\/arser.org\\\/fr\\\/#organization\"},\"potentialAction\":[{\"@type\":\"SearchAction\",\"target\":{\"@type\":\"EntryPoint\",\"urlTemplate\":\"https:\\\/\\\/arser.org\\\/fr\\\/?s={search_term_string}\"},\"query-input\":{\"@type\":\"PropertyValueSpecification\",\"valueRequired\":true,\"valueName\":\"search_term_string\"}}],\"inLanguage\":\"fr-FR\"},{\"@type\":\"Organization\",\"@id\":\"https:\\\/\\\/arser.org\\\/fr\\\/#organization\",\"name\":\"Association pour la Recherche sur les S\u00e9quelles de la Radioth\u00e9rapie\",\"url\":\"https:\\\/\\\/arser.org\\\/fr\\\/\",\"logo\":{\"@type\":\"ImageObject\",\"inLanguage\":\"fr-FR\",\"@id\":\"https:\\\/\\\/arser.org\\\/fr\\\/#\\\/schema\\\/logo\\\/image\\\/\",\"url\":\"https:\\\/\\\/arser.org\\\/wp-content\\\/uploads\\\/2022\\\/03\\\/logo-Grand-ARSER-web-carre.jpg\",\"contentUrl\":\"https:\\\/\\\/arser.org\\\/wp-content\\\/uploads\\\/2022\\\/03\\\/logo-Grand-ARSER-web-carre.jpg\",\"width\":300,\"height\":300,\"caption\":\"Association pour la Recherche sur les S\u00e9quelles de la Radioth\u00e9rapie\"},\"image\":{\"@id\":\"https:\\\/\\\/arser.org\\\/fr\\\/#\\\/schema\\\/logo\\\/image\\\/\"},\"sameAs\":[\"https:\\\/\\\/www.facebook.com\\\/profile.php?id=100086562396208\"]}]}<\/script>\n<!-- \/ Yoast SEO plugin. -->","yoast_head_json":{"title":"Mentions L\u00e9gales - Association pour la Recherche sur les S\u00e9quelles de la Radioth\u00e9rapie","robots":{"index":"index","follow":"follow","max-snippet":"max-snippet:-1","max-image-preview":"max-image-preview:large","max-video-preview":"max-video-preview:-1"},"canonical":"https:\/\/arser.org\/fr\/mentions-legales\/","og_locale":"fr_FR","og_type":"article","og_title":"Mentions L\u00e9gales - Association pour la Recherche sur les S\u00e9quelles de la Radioth\u00e9rapie","og_description":"Conform\u00e9ment \u00e0 l\u2019article 6 de la loi du 21 juin 2004, dite Loi de confiance dans l\u2019\u00e9conomie num\u00e9rique (LCEN), vous pouvez trouver ci-dessous les informations r\u00e9glementaires correspondantes. Editeur du site : Le site arser.org est \u00e9dit\u00e9 par l\u2019Association pour la Recherche sur les S\u00e9quelles de la Radioth\u00e9rapie (ARSER), association r\u00e9gie par la loi de 1901, &hellip; Continuer la lecture de &laquo;&nbsp;Mentions L\u00e9gales&nbsp;&raquo;","og_url":"https:\/\/arser.org\/fr\/mentions-legales\/","og_site_name":"Association pour la Recherche sur les S\u00e9quelles de la Radioth\u00e9rapie","article_publisher":"https:\/\/www.facebook.com\/profile.php?id=100086562396208","article_modified_time":"2025-12-18T02:41:16+00:00","twitter_card":"summary_large_image","twitter_misc":{"Dur\u00e9e de lecture estim\u00e9e":"1 minute"},"schema":{"@context":"https:\/\/schema.org","@graph":[{"@type":"WebPage","@id":"https:\/\/arser.org\/fr\/mentions-legales\/","url":"https:\/\/arser.org\/fr\/mentions-legales\/","name":"Mentions L\u00e9gales - Association pour la Recherche sur les S\u00e9quelles de la Radioth\u00e9rapie","isPartOf":{"@id":"https:\/\/arser.org\/fr\/#website"},"datePublished":"2016-12-13T22:28:25+00:00","dateModified":"2025-12-18T02:41:16+00:00","breadcrumb":{"@id":"https:\/\/arser.org\/fr\/mentions-legales\/#breadcrumb"},"inLanguage":"fr-FR","potentialAction":[{"@type":"ReadAction","target":[["https:\/\/arser.org\/fr\/mentions-legales\/"]]}]},{"@type":"BreadcrumbList","@id":"https:\/\/arser.org\/fr\/mentions-legales\/#breadcrumb","itemListElement":[{"@type":"ListItem","position":1,"name":"Accueil","item":"https:\/\/arser.org\/fr\/"},{"@type":"ListItem","position":2,"name":"Mentions L\u00e9gales"}]},{"@type":"WebSite","@id":"https:\/\/arser.org\/fr\/#website","url":"https:\/\/arser.org\/fr\/","name":"Association pour la Recherche sur les S\u00e9quelles de la Radioth\u00e9rapie","description":"Aider les patients ayant suivi une radioth\u00e9rapie \u00e0 en minimiser les s\u00e9quelles","publisher":{"@id":"https:\/\/arser.org\/fr\/#organization"},"potentialAction":[{"@type":"SearchAction","target":{"@type":"EntryPoint","urlTemplate":"https:\/\/arser.org\/fr\/?s={search_term_string}"},"query-input":{"@type":"PropertyValueSpecification","valueRequired":true,"valueName":"search_term_string"}}],"inLanguage":"fr-FR"},{"@type":"Organization","@id":"https:\/\/arser.org\/fr\/#organization","name":"Association pour la Recherche sur les S\u00e9quelles de la Radioth\u00e9rapie","url":"https:\/\/arser.org\/fr\/","logo":{"@type":"ImageObject","inLanguage":"fr-FR","@id":"https:\/\/arser.org\/fr\/#\/schema\/logo\/image\/","url":"https:\/\/arser.org\/wp-content\/uploads\/2022\/03\/logo-Grand-ARSER-web-carre.jpg","contentUrl":"https:\/\/arser.org\/wp-content\/uploads\/2022\/03\/logo-Grand-ARSER-web-carre.jpg","width":300,"height":300,"caption":"Association pour la Recherche sur les S\u00e9quelles de la Radioth\u00e9rapie"},"image":{"@id":"https:\/\/arser.org\/fr\/#\/schema\/logo\/image\/"},"sameAs":["https:\/\/www.facebook.com\/profile.php?id=100086562396208"]}]}},"_links":{"self":[{"href":"https:\/\/arser.org\/fr\/wp-json\/wp\/v2\/pages\/282","targetHints":{"allow":["GET"]}}],"collection":[{"href":"https:\/\/arser.org\/fr\/wp-json\/wp\/v2\/pages"}],"about":[{"href":"https:\/\/arser.org\/fr\/wp-json\/wp\/v2\/types\/page"}],"author":[{"embeddable":true,"href":"https:\/\/arser.org\/fr\/wp-json\/wp\/v2\/users\/1"}],"replies":[{"embeddable":true,"href":"https:\/\/arser.org\/fr\/wp-json\/wp\/v2\/comments?post=282"}],"version-history":[{"count":42,"href":"https:\/\/arser.org\/fr\/wp-json\/wp\/v2\/pages\/282\/revisions"}],"predecessor-version":[{"id":19200,"href":"https:\/\/arser.org\/fr\/wp-json\/wp\/v2\/pages\/282\/revisions\/19200"}],"wp:attachment":[{"href":"https:\/\/arser.org\/fr\/wp-json\/wp\/v2\/media?parent=282"}],"curies":[{"name":"wp","href":"https:\/\/api.w.org\/{rel}","templated":true}]}}