{"id":19107,"date":"2025-06-02T18:17:44","date_gmt":"2025-06-02T16:17:44","guid":{"rendered":"https:\/\/arser.org\/?page_id=19107"},"modified":"2025-07-17T10:30:57","modified_gmt":"2025-07-17T08:30:57","slug":"vivre-avec-son-handicap","status":"publish","type":"page","link":"https:\/\/arser.org\/fr\/vivre-avec-son-handicap\/","title":{"rendered":"Vivre avec son Handicap"},"content":{"rendered":"<p>Vous trouverez ci-dessous des pistes d&rsquo;int\u00e9r\u00eat pour aider \u00e0 vivre au quotidien certains types de handicaps induits par la radioth\u00e9rapie.<\/p>\n<p>Bonne lecture&#8230;<\/p>\n<h3>Handicap membre sup\u00e9rieur<\/h3>\n<p>Il existe diverses aides \u00e0 la vie quotidienne pour les personnes dont un bras a \u00e9t\u00e9 touch\u00e9 par la radioth\u00e9rapie.<\/p>\n<p>Par exemple, voir le livre :<\/p>\n<p><a href=\"https:\/\/www.editionsdelamartiniere.fr\/livres\/la-cuisine-du-quotidien-a-une-main\" target=\"_blank\"><img loading=\"lazy\" decoding=\"async\" class=\"alignnone wp-image-19121\" src=\"https:\/\/arser.org\/wp-content\/uploads\/2025\/06\/cuisine-a-une-main-213x300.jpg\" alt=\"\" width=\"163\" height=\"230\" srcset=\"https:\/\/arser.org\/wp-content\/uploads\/2025\/06\/cuisine-a-une-main-213x300.jpg 213w, https:\/\/arser.org\/wp-content\/uploads\/2025\/06\/cuisine-a-une-main-727x1024.jpg 727w, https:\/\/arser.org\/wp-content\/uploads\/2025\/06\/cuisine-a-une-main-768x1081.jpg 768w, https:\/\/arser.org\/wp-content\/uploads\/2025\/06\/cuisine-a-une-main-1091x1536.jpg 1091w, https:\/\/arser.org\/wp-content\/uploads\/2025\/06\/cuisine-a-une-main-1455x2048.jpg 1455w, https:\/\/arser.org\/wp-content\/uploads\/2025\/06\/cuisine-a-une-main-1200x1689.jpg 1200w, https:\/\/arser.org\/wp-content\/uploads\/2025\/06\/cuisine-a-une-main-scaled.jpg 1818w\" sizes=\"auto, (max-width: 163px) 85vw, 163px\" \/><\/a><\/p>\n<p>On peut \u00e9galement trouver sur le net divers sites proposant des dispositifs d&rsquo;aide \u00e0 la vie quotidienne, comme :<\/p>\n<ul>\n<li style=\"list-style-type: none;\">\n<ul>\n<li style=\"list-style-type: none;\">\n<ul>\n<li style=\"list-style-type: none;\">\n<ul>\n<li><a href=\"https:\/\/www.identites.eu\/plan-preparation-maxi.htm\" target=\"_blank\">un plan d&rsquo;aide \u00e0 la pr\u00e9paration pour les repas<\/a>, ou <a href=\"https:\/\/www.identites.eu\/anneau-ventouse-sucker.htm\" target=\"_blank\">un anneau ventouse pour maintenir les pots de yaourts<\/a> ;<\/li>\n<li><a href=\"https:\/\/www.systergo.fr\/12-vie-quotidienne\" target=\"_blank\">divers objets simples et pratiques pour les gestes du quotidien<\/a> ;<\/li>\n<li>liste non limitative&#8230;<\/li>\n<\/ul>\n<\/li>\n<\/ul>\n<\/li>\n<\/ul>\n<\/li>\n<\/ul>\n<h3>Handicap membres inf\u00e9rieurs<\/h3>\n<h3>Handicap ORL<\/h3>\n<p><div class=\"pt-cv-wrapper\"><div class=\"pt-cv-view pt-cv-grid pt-cv-colsys\" id=\"pt-cv-view-90cd441gk6\"><div data-id=\"pt-cv-page-1\" class=\"pt-cv-page\" data-cvc=\"2\"><div class=\"col-md-6 col-sm-12 col-xs-12 pt-cv-content-item pt-cv-1-col\" ><div class='pt-cv-ifield'><a href=\"https:\/\/arser.org\/fr\/un-petit-guide-de-survie-au-quotidien\/\" class=\"_self pt-cv-href-thumbnail pt-cv-thumb-default\" target=\"_self\" ><\/a>\n<h4 class=\"pt-cv-title\"><a href=\"https:\/\/arser.org\/fr\/un-petit-guide-de-survie-au-quotidien\/\" class=\"_self\" target=\"_self\" >Un petit guide de survie au quotidien<\/a><\/h4>\n<div class=\"pt-cv-content\">Un patient, en cours de radioth\u00e9rapie ORL ou venant d\u2019en subir une, aura \u00e0 c\u0153ur d\u2019avoir une hygi\u00e8ne buccale aussi ...<br \/><div class=\"pt-cv-rmwrap\"><a href=\"https:\/\/arser.org\/fr\/un-petit-guide-de-survie-au-quotidien\/\" class=\"_self pt-cv-readmore btn btn-success\" target=\"_self\">Lire La Suite\u2026<\/a><\/div><\/div><\/div><\/div><\/div><\/div><\/div><\/p>","protected":false},"excerpt":{"rendered":"<p>Vous trouverez ci-dessous des pistes d&rsquo;int\u00e9r\u00eat pour aider \u00e0 vivre au quotidien certains types de handicaps induits par la radioth\u00e9rapie. Bonne lecture&#8230; Handicap membre sup\u00e9rieur Il existe diverses aides \u00e0 la vie quotidienne pour les personnes dont un bras a \u00e9t\u00e9 touch\u00e9 par la radioth\u00e9rapie. Par exemple, voir le livre : On peut \u00e9galement trouver &hellip; <a href=\"https:\/\/arser.org\/fr\/vivre-avec-son-handicap\/\" class=\"more-link\">Continuer la lecture<span class=\"screen-reader-text\"> de &laquo;&nbsp;Vivre avec son Handicap&nbsp;&raquo;<\/span><\/a><\/p>\n","protected":false},"author":1519,"featured_media":0,"parent":0,"menu_order":0,"comment_status":"closed","ping_status":"closed","template":"","meta":{"_bbp_topic_count":0,"_bbp_reply_count":0,"_bbp_total_topic_count":0,"_bbp_total_reply_count":0,"_bbp_voice_count":0,"_bbp_anonymous_reply_count":0,"_bbp_topic_count_hidden":0,"_bbp_reply_count_hidden":0,"_bbp_forum_subforum_count":0,"footnotes":""},"class_list":["post-19107","page","type-page","status-publish","hentry"],"yoast_head":"<!-- This site is optimized with the Yoast SEO plugin v27.3 - https:\/\/yoast.com\/product\/yoast-seo-wordpress\/ -->\n<title>Vivre avec son Handicap - Association pour la Recherche sur les S\u00e9quelles de la Radioth\u00e9rapie<\/title>\n<meta name=\"robots\" content=\"index, follow, max-snippet:-1, max-image-preview:large, max-video-preview:-1\" \/>\n<link rel=\"canonical\" href=\"https:\/\/arser.org\/fr\/vivre-avec-son-handicap\/\" \/>\n<meta property=\"og:locale\" content=\"fr_FR\" \/>\n<meta property=\"og:type\" content=\"article\" \/>\n<meta property=\"og:title\" content=\"Vivre avec son Handicap - Association pour la Recherche sur les S\u00e9quelles de la Radioth\u00e9rapie\" \/>\n<meta property=\"og:description\" content=\"Vous trouverez ci-dessous des pistes d&rsquo;int\u00e9r\u00eat pour aider \u00e0 vivre au quotidien certains types de handicaps induits par la radioth\u00e9rapie. Bonne lecture&#8230; Handicap membre sup\u00e9rieur Il existe diverses aides \u00e0 la vie quotidienne pour les personnes dont un bras a \u00e9t\u00e9 touch\u00e9 par la radioth\u00e9rapie. Par exemple, voir le livre : On peut \u00e9galement trouver &hellip; Continuer la lecture de &laquo;&nbsp;Vivre avec son Handicap&nbsp;&raquo;\" \/>\n<meta property=\"og:url\" content=\"https:\/\/arser.org\/fr\/vivre-avec-son-handicap\/\" \/>\n<meta property=\"og:site_name\" content=\"Association pour la Recherche sur les S\u00e9quelles de la Radioth\u00e9rapie\" \/>\n<meta property=\"article:publisher\" content=\"https:\/\/www.facebook.com\/profile.php?id=100086562396208\" \/>\n<meta property=\"article:modified_time\" content=\"2025-07-17T08:30:57+00:00\" \/>\n<meta property=\"og:image\" content=\"https:\/\/arser.org\/wp-content\/uploads\/2025\/06\/cuisine-a-une-main-scaled.jpg\" \/>\n\t<meta property=\"og:image:width\" content=\"1818\" \/>\n\t<meta property=\"og:image:height\" content=\"2560\" \/>\n\t<meta property=\"og:image:type\" content=\"image\/jpeg\" \/>\n<meta name=\"twitter:card\" content=\"summary_large_image\" \/>\n<meta name=\"twitter:label1\" content=\"Dur\u00e9e de lecture estim\u00e9e\" \/>\n\t<meta name=\"twitter:data1\" content=\"1 minute\" \/>\n<script type=\"application\/ld+json\" class=\"yoast-schema-graph\">{\"@context\":\"https:\\\/\\\/schema.org\",\"@graph\":[{\"@type\":\"WebPage\",\"@id\":\"https:\\\/\\\/arser.org\\\/fr\\\/vivre-avec-son-handicap\\\/\",\"url\":\"https:\\\/\\\/arser.org\\\/fr\\\/vivre-avec-son-handicap\\\/\",\"name\":\"Vivre avec son Handicap - Association pour la Recherche sur les S\u00e9quelles de la Radioth\u00e9rapie\",\"isPartOf\":{\"@id\":\"https:\\\/\\\/arser.org\\\/fr\\\/#website\"},\"primaryImageOfPage\":{\"@id\":\"https:\\\/\\\/arser.org\\\/fr\\\/vivre-avec-son-handicap\\\/#primaryimage\"},\"image\":{\"@id\":\"https:\\\/\\\/arser.org\\\/vivre-avec-son-handicap\\\/#primaryimage\"},\"thumbnailUrl\":\"https:\\\/\\\/arser.org\\\/wp-content\\\/uploads\\\/2025\\\/06\\\/cuisine-a-une-main-213x300.jpg\",\"datePublished\":\"2025-06-02T16:17:44+00:00\",\"dateModified\":\"2025-07-17T08:30:57+00:00\",\"breadcrumb\":{\"@id\":\"https:\\\/\\\/arser.org\\\/fr\\\/vivre-avec-son-handicap\\\/#breadcrumb\"},\"inLanguage\":\"fr-FR\",\"potentialAction\":[{\"@type\":\"ReadAction\",\"target\":[[\"https:\\\/\\\/arser.org\\\/fr\\\/vivre-avec-son-handicap\\\/\"]]}]},{\"@type\":\"ImageObject\",\"inLanguage\":\"fr-FR\",\"@id\":\"https:\\\/\\\/arser.org\\\/fr\\\/vivre-avec-son-handicap\\\/#primaryimage\",\"url\":\"https:\\\/\\\/arser.org\\\/wp-content\\\/uploads\\\/2025\\\/06\\\/cuisine-a-une-main-213x300.jpg\",\"contentUrl\":\"https:\\\/\\\/arser.org\\\/wp-content\\\/uploads\\\/2025\\\/06\\\/cuisine-a-une-main-213x300.jpg\"},{\"@type\":\"BreadcrumbList\",\"@id\":\"https:\\\/\\\/arser.org\\\/fr\\\/vivre-avec-son-handicap\\\/#breadcrumb\",\"itemListElement\":[{\"@type\":\"ListItem\",\"position\":1,\"name\":\"Accueil\",\"item\":\"https:\\\/\\\/arser.org\\\/fr\\\/\"},{\"@type\":\"ListItem\",\"position\":2,\"name\":\"Vivre avec son Handicap\"}]},{\"@type\":\"WebSite\",\"@id\":\"https:\\\/\\\/arser.org\\\/fr\\\/#website\",\"url\":\"https:\\\/\\\/arser.org\\\/fr\\\/\",\"name\":\"Association pour la Recherche sur les S\u00e9quelles de la Radioth\u00e9rapie\",\"description\":\"Aider les patients ayant suivi une radioth\u00e9rapie \u00e0 en minimiser les s\u00e9quelles\",\"publisher\":{\"@id\":\"https:\\\/\\\/arser.org\\\/fr\\\/#organization\"},\"potentialAction\":[{\"@type\":\"SearchAction\",\"target\":{\"@type\":\"EntryPoint\",\"urlTemplate\":\"https:\\\/\\\/arser.org\\\/fr\\\/?s={search_term_string}\"},\"query-input\":{\"@type\":\"PropertyValueSpecification\",\"valueRequired\":true,\"valueName\":\"search_term_string\"}}],\"inLanguage\":\"fr-FR\"},{\"@type\":\"Organization\",\"@id\":\"https:\\\/\\\/arser.org\\\/fr\\\/#organization\",\"name\":\"Association pour la Recherche sur les S\u00e9quelles de la Radioth\u00e9rapie\",\"url\":\"https:\\\/\\\/arser.org\\\/fr\\\/\",\"logo\":{\"@type\":\"ImageObject\",\"inLanguage\":\"fr-FR\",\"@id\":\"https:\\\/\\\/arser.org\\\/fr\\\/#\\\/schema\\\/logo\\\/image\\\/\",\"url\":\"https:\\\/\\\/arser.org\\\/wp-content\\\/uploads\\\/2022\\\/03\\\/logo-Grand-ARSER-web-carre.jpg\",\"contentUrl\":\"https:\\\/\\\/arser.org\\\/wp-content\\\/uploads\\\/2022\\\/03\\\/logo-Grand-ARSER-web-carre.jpg\",\"width\":300,\"height\":300,\"caption\":\"Association pour la Recherche sur les S\u00e9quelles de la Radioth\u00e9rapie\"},\"image\":{\"@id\":\"https:\\\/\\\/arser.org\\\/fr\\\/#\\\/schema\\\/logo\\\/image\\\/\"},\"sameAs\":[\"https:\\\/\\\/www.facebook.com\\\/profile.php?id=100086562396208\"]}]}<\/script>\n<!-- \/ Yoast SEO plugin. -->","yoast_head_json":{"title":"Vivre avec son Handicap - Association pour la Recherche sur les S\u00e9quelles de la Radioth\u00e9rapie","robots":{"index":"index","follow":"follow","max-snippet":"max-snippet:-1","max-image-preview":"max-image-preview:large","max-video-preview":"max-video-preview:-1"},"canonical":"https:\/\/arser.org\/fr\/vivre-avec-son-handicap\/","og_locale":"fr_FR","og_type":"article","og_title":"Vivre avec son Handicap - Association pour la Recherche sur les S\u00e9quelles de la Radioth\u00e9rapie","og_description":"Vous trouverez ci-dessous des pistes d&rsquo;int\u00e9r\u00eat pour aider \u00e0 vivre au quotidien certains types de handicaps induits par la radioth\u00e9rapie. Bonne lecture&#8230; Handicap membre sup\u00e9rieur Il existe diverses aides \u00e0 la vie quotidienne pour les personnes dont un bras a \u00e9t\u00e9 touch\u00e9 par la radioth\u00e9rapie. Par exemple, voir le livre : On peut \u00e9galement trouver &hellip; Continuer la lecture de &laquo;&nbsp;Vivre avec son Handicap&nbsp;&raquo;","og_url":"https:\/\/arser.org\/fr\/vivre-avec-son-handicap\/","og_site_name":"Association pour la Recherche sur les S\u00e9quelles de la Radioth\u00e9rapie","article_publisher":"https:\/\/www.facebook.com\/profile.php?id=100086562396208","article_modified_time":"2025-07-17T08:30:57+00:00","og_image":[{"width":1818,"height":2560,"url":"https:\/\/arser.org\/wp-content\/uploads\/2025\/06\/cuisine-a-une-main-scaled.jpg","type":"image\/jpeg"}],"twitter_card":"summary_large_image","twitter_misc":{"Dur\u00e9e de lecture estim\u00e9e":"1 minute"},"schema":{"@context":"https:\/\/schema.org","@graph":[{"@type":"WebPage","@id":"https:\/\/arser.org\/fr\/vivre-avec-son-handicap\/","url":"https:\/\/arser.org\/fr\/vivre-avec-son-handicap\/","name":"Vivre avec son Handicap - Association pour la Recherche sur les S\u00e9quelles de la Radioth\u00e9rapie","isPartOf":{"@id":"https:\/\/arser.org\/fr\/#website"},"primaryImageOfPage":{"@id":"https:\/\/arser.org\/fr\/vivre-avec-son-handicap\/#primaryimage"},"image":{"@id":"https:\/\/arser.org\/vivre-avec-son-handicap\/#primaryimage"},"thumbnailUrl":"https:\/\/arser.org\/wp-content\/uploads\/2025\/06\/cuisine-a-une-main-213x300.jpg","datePublished":"2025-06-02T16:17:44+00:00","dateModified":"2025-07-17T08:30:57+00:00","breadcrumb":{"@id":"https:\/\/arser.org\/fr\/vivre-avec-son-handicap\/#breadcrumb"},"inLanguage":"fr-FR","potentialAction":[{"@type":"ReadAction","target":[["https:\/\/arser.org\/fr\/vivre-avec-son-handicap\/"]]}]},{"@type":"ImageObject","inLanguage":"fr-FR","@id":"https:\/\/arser.org\/fr\/vivre-avec-son-handicap\/#primaryimage","url":"https:\/\/arser.org\/wp-content\/uploads\/2025\/06\/cuisine-a-une-main-213x300.jpg","contentUrl":"https:\/\/arser.org\/wp-content\/uploads\/2025\/06\/cuisine-a-une-main-213x300.jpg"},{"@type":"BreadcrumbList","@id":"https:\/\/arser.org\/fr\/vivre-avec-son-handicap\/#breadcrumb","itemListElement":[{"@type":"ListItem","position":1,"name":"Accueil","item":"https:\/\/arser.org\/fr\/"},{"@type":"ListItem","position":2,"name":"Vivre avec son Handicap"}]},{"@type":"WebSite","@id":"https:\/\/arser.org\/fr\/#website","url":"https:\/\/arser.org\/fr\/","name":"Association pour la Recherche sur les S\u00e9quelles de la Radioth\u00e9rapie","description":"Aider les patients ayant suivi une radioth\u00e9rapie \u00e0 en minimiser les s\u00e9quelles","publisher":{"@id":"https:\/\/arser.org\/fr\/#organization"},"potentialAction":[{"@type":"SearchAction","target":{"@type":"EntryPoint","urlTemplate":"https:\/\/arser.org\/fr\/?s={search_term_string}"},"query-input":{"@type":"PropertyValueSpecification","valueRequired":true,"valueName":"search_term_string"}}],"inLanguage":"fr-FR"},{"@type":"Organization","@id":"https:\/\/arser.org\/fr\/#organization","name":"Association pour la Recherche sur les S\u00e9quelles de la Radioth\u00e9rapie","url":"https:\/\/arser.org\/fr\/","logo":{"@type":"ImageObject","inLanguage":"fr-FR","@id":"https:\/\/arser.org\/fr\/#\/schema\/logo\/image\/","url":"https:\/\/arser.org\/wp-content\/uploads\/2022\/03\/logo-Grand-ARSER-web-carre.jpg","contentUrl":"https:\/\/arser.org\/wp-content\/uploads\/2022\/03\/logo-Grand-ARSER-web-carre.jpg","width":300,"height":300,"caption":"Association pour la Recherche sur les S\u00e9quelles de la Radioth\u00e9rapie"},"image":{"@id":"https:\/\/arser.org\/fr\/#\/schema\/logo\/image\/"},"sameAs":["https:\/\/www.facebook.com\/profile.php?id=100086562396208"]}]}},"_links":{"self":[{"href":"https:\/\/arser.org\/fr\/wp-json\/wp\/v2\/pages\/19107","targetHints":{"allow":["GET"]}}],"collection":[{"href":"https:\/\/arser.org\/fr\/wp-json\/wp\/v2\/pages"}],"about":[{"href":"https:\/\/arser.org\/fr\/wp-json\/wp\/v2\/types\/page"}],"author":[{"embeddable":true,"href":"https:\/\/arser.org\/fr\/wp-json\/wp\/v2\/users\/1519"}],"replies":[{"embeddable":true,"href":"https:\/\/arser.org\/fr\/wp-json\/wp\/v2\/comments?post=19107"}],"version-history":[{"count":14,"href":"https:\/\/arser.org\/fr\/wp-json\/wp\/v2\/pages\/19107\/revisions"}],"predecessor-version":[{"id":19153,"href":"https:\/\/arser.org\/fr\/wp-json\/wp\/v2\/pages\/19107\/revisions\/19153"}],"wp:attachment":[{"href":"https:\/\/arser.org\/fr\/wp-json\/wp\/v2\/media?parent=19107"}],"curies":[{"name":"wp","href":"https:\/\/api.w.org\/{rel}","templated":true}]}}