{"id":14,"date":"2016-10-26T16:28:20","date_gmt":"2016-10-26T14:28:20","guid":{"rendered":"http:\/\/arser.org\/?page_id=14"},"modified":"2021-09-09T16:08:43","modified_gmt":"2021-09-09T14:08:43","slug":"adhesion","status":"publish","type":"page","link":"https:\/\/arser.org\/fr\/adhesion\/","title":{"rendered":"Adh\u00e9sion"},"content":{"rendered":"<p><span class=\"VIiyi\" lang=\"en\"><span class=\"JLqJ4b ChMk0b\" data-language-for-alternatives=\"en\" data-language-to-translate-into=\"fr\" data-phrase-index=\"0\">Si vous souhaitez adh\u00e9rer, il vous suffit de t\u00e9l\u00e9charger le bulletin d\u2019adh\u00e9sion ci-contre, de l\u2019imprimer, de le remplir et nous le retourner avec un ch\u00e8que du montant de votre contribution \u00e0 :<\/span><\/span><\/p>\n<p><span class=\"VIiyi\" lang=\"en\"><span class=\"JLqJ4b ChMk0b\" data-language-for-alternatives=\"en\" data-language-to-translate-into=\"fr\" data-phrase-index=\"0\">ARSER<br \/>\n70, boulevard de l\u2019H\u00f4pital<br \/>\n75013 PARIS<br \/>\n<\/span><\/span><\/p>","protected":false},"excerpt":{"rendered":"<p>Si vous souhaitez adh\u00e9rer, il vous suffit de t\u00e9l\u00e9charger le bulletin d\u2019adh\u00e9sion ci-contre, de l\u2019imprimer, de le remplir et nous le retourner avec un ch\u00e8que du montant de votre contribution \u00e0 : ARSER 70, boulevard de l\u2019H\u00f4pital 75013 PARIS<\/p>\n","protected":false},"author":1,"featured_media":0,"parent":0,"menu_order":0,"comment_status":"closed","ping_status":"closed","template":"","meta":{"_bbp_topic_count":0,"_bbp_reply_count":0,"_bbp_total_topic_count":0,"_bbp_total_reply_count":0,"_bbp_voice_count":0,"_bbp_anonymous_reply_count":0,"_bbp_topic_count_hidden":0,"_bbp_reply_count_hidden":0,"_bbp_forum_subforum_count":0,"footnotes":""},"class_list":["post-14","page","type-page","status-publish","hentry"],"yoast_head":"<!-- This site is optimized with the Yoast SEO plugin v27.3 - https:\/\/yoast.com\/product\/yoast-seo-wordpress\/ -->\n<title>Adh\u00e9sion - Association pour la Recherche sur les S\u00e9quelles de la Radioth\u00e9rapie<\/title>\n<meta name=\"robots\" content=\"index, follow, max-snippet:-1, max-image-preview:large, max-video-preview:-1\" \/>\n<link rel=\"canonical\" href=\"https:\/\/arser.org\/fr\/adhesion\/\" \/>\n<meta property=\"og:locale\" content=\"fr_FR\" \/>\n<meta property=\"og:type\" content=\"article\" \/>\n<meta property=\"og:title\" content=\"Adh\u00e9sion - Association pour la Recherche sur les S\u00e9quelles de la Radioth\u00e9rapie\" \/>\n<meta property=\"og:description\" content=\"Si vous souhaitez adh\u00e9rer, il vous suffit de t\u00e9l\u00e9charger le bulletin d\u2019adh\u00e9sion ci-contre, de l\u2019imprimer, de le remplir et nous le retourner avec un ch\u00e8que du montant de votre contribution \u00e0 : ARSER 70, boulevard de l\u2019H\u00f4pital 75013 PARIS\" \/>\n<meta property=\"og:url\" content=\"https:\/\/arser.org\/fr\/adhesion\/\" \/>\n<meta property=\"og:site_name\" content=\"Association pour la Recherche sur les S\u00e9quelles de la Radioth\u00e9rapie\" \/>\n<meta property=\"article:publisher\" content=\"https:\/\/www.facebook.com\/profile.php?id=100086562396208\" \/>\n<meta property=\"article:modified_time\" content=\"2021-09-09T14:08:43+00:00\" \/>\n<meta name=\"twitter:card\" content=\"summary_large_image\" \/>\n<script type=\"application\/ld+json\" class=\"yoast-schema-graph\">{\"@context\":\"https:\\\/\\\/schema.org\",\"@graph\":[{\"@type\":\"WebPage\",\"@id\":\"https:\\\/\\\/arser.org\\\/fr\\\/adhesion\\\/\",\"url\":\"https:\\\/\\\/arser.org\\\/fr\\\/adhesion\\\/\",\"name\":\"Adh\u00e9sion - Association pour la Recherche sur les S\u00e9quelles de la Radioth\u00e9rapie\",\"isPartOf\":{\"@id\":\"https:\\\/\\\/arser.org\\\/fr\\\/#website\"},\"datePublished\":\"2016-10-26T14:28:20+00:00\",\"dateModified\":\"2021-09-09T14:08:43+00:00\",\"breadcrumb\":{\"@id\":\"https:\\\/\\\/arser.org\\\/fr\\\/adhesion\\\/#breadcrumb\"},\"inLanguage\":\"fr-FR\",\"potentialAction\":[{\"@type\":\"ReadAction\",\"target\":[[\"https:\\\/\\\/arser.org\\\/fr\\\/adhesion\\\/\"]]}]},{\"@type\":\"BreadcrumbList\",\"@id\":\"https:\\\/\\\/arser.org\\\/fr\\\/adhesion\\\/#breadcrumb\",\"itemListElement\":[{\"@type\":\"ListItem\",\"position\":1,\"name\":\"Accueil\",\"item\":\"https:\\\/\\\/arser.org\\\/fr\\\/\"},{\"@type\":\"ListItem\",\"position\":2,\"name\":\"Adh\u00e9sion\"}]},{\"@type\":\"WebSite\",\"@id\":\"https:\\\/\\\/arser.org\\\/fr\\\/#website\",\"url\":\"https:\\\/\\\/arser.org\\\/fr\\\/\",\"name\":\"Association pour la Recherche sur les S\u00e9quelles de la Radioth\u00e9rapie\",\"description\":\"Aider les patients ayant suivi une radioth\u00e9rapie \u00e0 en minimiser les s\u00e9quelles\",\"publisher\":{\"@id\":\"https:\\\/\\\/arser.org\\\/fr\\\/#organization\"},\"potentialAction\":[{\"@type\":\"SearchAction\",\"target\":{\"@type\":\"EntryPoint\",\"urlTemplate\":\"https:\\\/\\\/arser.org\\\/fr\\\/?s={search_term_string}\"},\"query-input\":{\"@type\":\"PropertyValueSpecification\",\"valueRequired\":true,\"valueName\":\"search_term_string\"}}],\"inLanguage\":\"fr-FR\"},{\"@type\":\"Organization\",\"@id\":\"https:\\\/\\\/arser.org\\\/fr\\\/#organization\",\"name\":\"Association pour la Recherche sur les S\u00e9quelles de la Radioth\u00e9rapie\",\"url\":\"https:\\\/\\\/arser.org\\\/fr\\\/\",\"logo\":{\"@type\":\"ImageObject\",\"inLanguage\":\"fr-FR\",\"@id\":\"https:\\\/\\\/arser.org\\\/fr\\\/#\\\/schema\\\/logo\\\/image\\\/\",\"url\":\"https:\\\/\\\/arser.org\\\/wp-content\\\/uploads\\\/2022\\\/03\\\/logo-Grand-ARSER-web-carre.jpg\",\"contentUrl\":\"https:\\\/\\\/arser.org\\\/wp-content\\\/uploads\\\/2022\\\/03\\\/logo-Grand-ARSER-web-carre.jpg\",\"width\":300,\"height\":300,\"caption\":\"Association pour la Recherche sur les S\u00e9quelles de la Radioth\u00e9rapie\"},\"image\":{\"@id\":\"https:\\\/\\\/arser.org\\\/fr\\\/#\\\/schema\\\/logo\\\/image\\\/\"},\"sameAs\":[\"https:\\\/\\\/www.facebook.com\\\/profile.php?id=100086562396208\"]}]}<\/script>\n<!-- \/ Yoast SEO plugin. -->","yoast_head_json":{"title":"Adh\u00e9sion - Association pour la Recherche sur les S\u00e9quelles de la Radioth\u00e9rapie","robots":{"index":"index","follow":"follow","max-snippet":"max-snippet:-1","max-image-preview":"max-image-preview:large","max-video-preview":"max-video-preview:-1"},"canonical":"https:\/\/arser.org\/fr\/adhesion\/","og_locale":"fr_FR","og_type":"article","og_title":"Adh\u00e9sion - Association pour la Recherche sur les S\u00e9quelles de la Radioth\u00e9rapie","og_description":"Si vous souhaitez adh\u00e9rer, il vous suffit de t\u00e9l\u00e9charger le bulletin d\u2019adh\u00e9sion ci-contre, de l\u2019imprimer, de le remplir et nous le retourner avec un ch\u00e8que du montant de votre contribution \u00e0 : ARSER 70, boulevard de l\u2019H\u00f4pital 75013 PARIS","og_url":"https:\/\/arser.org\/fr\/adhesion\/","og_site_name":"Association pour la Recherche sur les S\u00e9quelles de la Radioth\u00e9rapie","article_publisher":"https:\/\/www.facebook.com\/profile.php?id=100086562396208","article_modified_time":"2021-09-09T14:08:43+00:00","twitter_card":"summary_large_image","schema":{"@context":"https:\/\/schema.org","@graph":[{"@type":"WebPage","@id":"https:\/\/arser.org\/fr\/adhesion\/","url":"https:\/\/arser.org\/fr\/adhesion\/","name":"Adh\u00e9sion - Association pour la Recherche sur les S\u00e9quelles de la Radioth\u00e9rapie","isPartOf":{"@id":"https:\/\/arser.org\/fr\/#website"},"datePublished":"2016-10-26T14:28:20+00:00","dateModified":"2021-09-09T14:08:43+00:00","breadcrumb":{"@id":"https:\/\/arser.org\/fr\/adhesion\/#breadcrumb"},"inLanguage":"fr-FR","potentialAction":[{"@type":"ReadAction","target":[["https:\/\/arser.org\/fr\/adhesion\/"]]}]},{"@type":"BreadcrumbList","@id":"https:\/\/arser.org\/fr\/adhesion\/#breadcrumb","itemListElement":[{"@type":"ListItem","position":1,"name":"Accueil","item":"https:\/\/arser.org\/fr\/"},{"@type":"ListItem","position":2,"name":"Adh\u00e9sion"}]},{"@type":"WebSite","@id":"https:\/\/arser.org\/fr\/#website","url":"https:\/\/arser.org\/fr\/","name":"Association pour la Recherche sur les S\u00e9quelles de la Radioth\u00e9rapie","description":"Aider les patients ayant suivi une radioth\u00e9rapie \u00e0 en minimiser les s\u00e9quelles","publisher":{"@id":"https:\/\/arser.org\/fr\/#organization"},"potentialAction":[{"@type":"SearchAction","target":{"@type":"EntryPoint","urlTemplate":"https:\/\/arser.org\/fr\/?s={search_term_string}"},"query-input":{"@type":"PropertyValueSpecification","valueRequired":true,"valueName":"search_term_string"}}],"inLanguage":"fr-FR"},{"@type":"Organization","@id":"https:\/\/arser.org\/fr\/#organization","name":"Association pour la Recherche sur les S\u00e9quelles de la Radioth\u00e9rapie","url":"https:\/\/arser.org\/fr\/","logo":{"@type":"ImageObject","inLanguage":"fr-FR","@id":"https:\/\/arser.org\/fr\/#\/schema\/logo\/image\/","url":"https:\/\/arser.org\/wp-content\/uploads\/2022\/03\/logo-Grand-ARSER-web-carre.jpg","contentUrl":"https:\/\/arser.org\/wp-content\/uploads\/2022\/03\/logo-Grand-ARSER-web-carre.jpg","width":300,"height":300,"caption":"Association pour la Recherche sur les S\u00e9quelles de la Radioth\u00e9rapie"},"image":{"@id":"https:\/\/arser.org\/fr\/#\/schema\/logo\/image\/"},"sameAs":["https:\/\/www.facebook.com\/profile.php?id=100086562396208"]}]}},"_links":{"self":[{"href":"https:\/\/arser.org\/fr\/wp-json\/wp\/v2\/pages\/14","targetHints":{"allow":["GET"]}}],"collection":[{"href":"https:\/\/arser.org\/fr\/wp-json\/wp\/v2\/pages"}],"about":[{"href":"https:\/\/arser.org\/fr\/wp-json\/wp\/v2\/types\/page"}],"author":[{"embeddable":true,"href":"https:\/\/arser.org\/fr\/wp-json\/wp\/v2\/users\/1"}],"replies":[{"embeddable":true,"href":"https:\/\/arser.org\/fr\/wp-json\/wp\/v2\/comments?post=14"}],"version-history":[{"count":11,"href":"https:\/\/arser.org\/fr\/wp-json\/wp\/v2\/pages\/14\/revisions"}],"predecessor-version":[{"id":9662,"href":"https:\/\/arser.org\/fr\/wp-json\/wp\/v2\/pages\/14\/revisions\/9662"}],"wp:attachment":[{"href":"https:\/\/arser.org\/fr\/wp-json\/wp\/v2\/media?parent=14"}],"curies":[{"name":"wp","href":"https:\/\/api.w.org\/{rel}","templated":true}]}}