{"id":1211,"date":"2017-03-25T09:49:24","date_gmt":"2017-03-25T08:49:24","guid":{"rendered":"http:\/\/arser.org\/?page_id=1211"},"modified":"2025-06-02T17:01:29","modified_gmt":"2025-06-02T15:01:29","slug":"aide-et-accessibilite","status":"publish","type":"page","link":"https:\/\/arser.org\/fr\/aide-et-accessibilite\/","title":{"rendered":"Aide et accessibilit\u00e9"},"content":{"rendered":"<p>L\u2019accessibilit\u00e9 du site a \u00e9t\u00e9 pens\u00e9e en partenariat avec son concepteur, sp\u00e9cialis\u00e9 dans l\u2019accessibilit\u00e9 du Web et la sensibilisation au handicap.<br \/>\nAfin d\u2019atteindre un bon niveau d&rsquo;accessibilit\u00e9, certaines bonnes pratiques ont \u00e9t\u00e9 impl\u00e9ment\u00e9es \u00e0 chaque \u00e9tape du projet : de la phase de conception fonctionnelle, \u00e0 la cr\u00e9ation des maquettes, jusqu\u2019au d\u00e9veloppement technique.<br \/>\nAinsi, gr\u00e2ce au suivi de ces recommandations d&rsquo;accessibilit\u00e9, les fonctionnalit\u00e9s et contenus du site ARSER sont utilisables et consultables par tous, y compris les personnes en situation de handicap.<br \/>\nNous invitons toute personne qui rencontrerait des difficult\u00e9s d\u2019utilisation ou de consultation, \u00e0 nous\u00a0contacter \u00e0 l\u2019adresse <a href=\"mailto:ecrire.arser@gmail.com\">ecrire.arser@gmail.com<\/a><\/p>\n<p><strong>AIDE \u00c0 LA NAVIGATION<\/strong><br \/>\n<strong>Un site qui s\u2019adapte \u00e0 l\u2019utilisateur<\/strong><br \/>\nLe site ARSER est un site web adaptatif ; il est \u00ab Responsive Web Design \u00bb. En clair, sa conception offre \u00e0 l\u2019Internaute une consultation confortable quel que soit l\u2019\u00e9cran qu\u2019il utilise : ordinateur (PC ou Mac), tablette, smartphone, etc. car cette m\u00e9thode permet au site de s&rsquo;adapter \u00e0 tout type d&rsquo;appareil de mani\u00e8re transparente pour l&rsquo;utilisateur.<\/p>\n<p><strong>Le logo principal<\/strong><br \/>\nSur l\u2019ensemble des pages, le logo \u00ab\u00a0ARSeR\u00a0\u00bb, affich\u00e9 en haut de page, permet en un seul clic de retourner sur la page d\u2019accueil du site.<\/p>\n<p><strong>Le menu<\/strong><br \/>\nLe menu, situ\u00e9 dans le bandeau horizontal, vous permet d\u2019acc\u00e9der aux rubriques et aux pages principales du site. Il s\u2019agit d\u2019un menu contr\u00f4lable \u00e0 la fois \u00e0 la souris, au clavier et au doigt pour les \u00e9crans tactiles.<\/p>\n<p><strong>Le pied de page<\/strong><br \/>\nLe pied de page vous permet d\u2019acc\u00e9der \u00e0 des pages compl\u00e9mentaires telles que la page\u00a0\u00ab\u00a0Mentions l\u00e9gales\u00a0\u00bb.<\/p>\n<p><strong>Le fil d\u2019Ariane<\/strong><br \/>\nPour les Forums, un fil d\u2019Ariane est affich\u00e9 en haut du contenu principal. Ce fil d\u2019Ariane vous permet de vous localiser dans l\u2019arborescence des Forums. Il vous indique le chemin parcouru depuis la page d\u2019accueil des Forums jusqu\u2019\u00e0 la page courante et vous permet \u00e9galement de remonter dans l\u2019arborescence.<\/p>\n<p><strong>Le moteur de recherche<\/strong><br \/>\nSur l\u2019ensemble des pages, un moteur de recherche est disponible dans le bandeau horizontal de navigation.<br \/>\nLorsque vous effectuez une recherche, le moteur de recherche du site liste les pages qui contiennent les termes recherch\u00e9s.<\/p>\n<p><strong>FONCTIONNALIT\u00c9S OFFERTES PAR VOTRE NAVIGATEUR<\/strong><br \/>\nEn parall\u00e8le des aides \u00e0 disposition directement sur le site, celui-ci a \u00e9t\u00e9 con\u00e7u de mani\u00e8re \u00e0 donner la possibilit\u00e9 \u00e0 votre navigateur de tirer pleinement partie de ses propres fonctionnalit\u00e9s.<\/p>\n<p><strong>Agrandissement de la taille des caract\u00e8res<\/strong><br \/>\nSur la totalit\u00e9 des pages du site, vous avez la possibilit\u00e9 d\u2019agrandir la taille des caract\u00e8res.<br \/>\nSi vous \u00eates sur PC, utilisez la combinaison de touches \u00ab\u00a0Ctrl\u00a0\u00bb + \u00ab\u00a0+\u00a0\u00bb pour agrandir la taille des caract\u00e8res. La combinaison de touches \u00ab\u00a0Ctrl\u00a0\u00bb + \u00ab\u00a0&#8211; \u00bb\u00a0permet quant \u00e0 elle de r\u00e9duire la taille des caract\u00e8res. Des appuis successifs sur ces touches vous permettent d\u2019augmenter ou de diminuer la taille des caract\u00e8res par paliers. Notez \u00e9galement que la combinaison de touches \u00ab\u00a0Ctrl\u00a0\u00bb + \u00ab\u00a00\u00a0\u00bb (le chiffre \u00ab z\u00e9ro \u00bb) vous permet de revenir \u00e0 la taille du texte par d\u00e9faut.<br \/>\nUtilisateurs de Mac, il vous suffit de remplacer dans les combinaisons annonc\u00e9es ci-dessus la touche \u00ab\u00a0Ctrl\u00a0\u00bb par la touche \u00ab\u00a0Cmd\u00a0\u00bb pour effectuer les m\u00eames actions.<\/p>\n<p><strong>Navigation au clavier<\/strong><br \/>\nCe site a \u00e9t\u00e9 con\u00e7u de mani\u00e8re \u00e0 permettre la navigation au clavier sur la totalit\u00e9 des pages.<br \/>\nDans la plupart des cas, il vous suffit de tapoter la touche Tabulation de votre clavier pour naviguer successivement d\u2019un \u00e9l\u00e9ment cliquable \u00e0 un autre \u00e9l\u00e9ment cliquable dans la page.<br \/>\nInversement, si vous souhaitez remonter dans le sens inverse de la lecture, utiliser la combinaison de touches \u00ab\u00a0Maj\u00a0\u00bb + \u00ab\u00a0Tabulation\u00a0\u00bb.<\/p>\n<p><strong>Impression<\/strong><br \/>\nUtilisateurs de claviers, vous avez la possibilit\u00e9 d\u2019imprimer n\u2019importe quelle page du site en acc\u00e9dant \u00e0 la page souhait\u00e9e puis en appuyant simultan\u00e9ment sur les touches \u00ab\u00a0Ctrl\u00a0\u00bb + \u00ab\u00a0P\u00a0\u00bb de votre clavier si vous \u00eates sur PC ou \u00ab\u00a0Cmd\u00a0\u00bb + \u00ab\u00a0P\u00a0\u00bb si vous \u00eates sous Mac.<\/p>\n<p><strong>Mise en favori<\/strong><br \/>\nUtilisateurs de claviers, vous avez la possibilit\u00e9 de marquer n\u2019importe quelle page en favori.<br \/>\nPour cela, acc\u00e9dez \u00e0 la page souhait\u00e9e, puis appuyez sur les touches \u00ab\u00a0Ctrl\u00a0\u00bb + \u00ab\u00a0D\u00a0\u00bb de votre clavier si vous \u00eates sur PC, Cmd + D si vous \u00eates sous Mac.<\/p>\n<p><strong>Documents PDF<\/strong><br \/>\nCe site propose des documents PDF en t\u00e9l\u00e9chargement.<br \/>\nVisualiser ce type de documents n\u00e9cessite le logiciel Adobe Reader qui peut \u00eatre t\u00e9l\u00e9charg\u00e9 gratuitement \u00e0 cette adresse :\u00a0<a href=\"https:\/\/get.adobe.com\/fr\/reader\/\" target=\"_blank\" rel=\"noopener\">https:\/\/get.adobe.com\/fr\/reader\/<\/a><\/p>\n<p>Nous vous souhaitons une bonne navigation sur le site ARSER.<\/p>","protected":false},"excerpt":{"rendered":"<p>L\u2019accessibilit\u00e9 du site a \u00e9t\u00e9 pens\u00e9e en partenariat avec son concepteur, sp\u00e9cialis\u00e9 dans l\u2019accessibilit\u00e9 du Web et la sensibilisation au handicap. Afin d\u2019atteindre un bon niveau d&rsquo;accessibilit\u00e9, certaines bonnes pratiques ont \u00e9t\u00e9 impl\u00e9ment\u00e9es \u00e0 chaque \u00e9tape du projet : de la phase de conception fonctionnelle, \u00e0 la cr\u00e9ation des maquettes, jusqu\u2019au d\u00e9veloppement technique. Ainsi, gr\u00e2ce &hellip; <a href=\"https:\/\/arser.org\/fr\/aide-et-accessibilite\/\" class=\"more-link\">Continuer la lecture<span class=\"screen-reader-text\"> de &laquo;&nbsp;Aide et accessibilit\u00e9&nbsp;&raquo;<\/span><\/a><\/p>\n","protected":false},"author":1,"featured_media":0,"parent":0,"menu_order":0,"comment_status":"closed","ping_status":"closed","template":"","meta":{"_bbp_topic_count":0,"_bbp_reply_count":0,"_bbp_total_topic_count":0,"_bbp_total_reply_count":0,"_bbp_voice_count":0,"_bbp_anonymous_reply_count":0,"_bbp_topic_count_hidden":0,"_bbp_reply_count_hidden":0,"_bbp_forum_subforum_count":0,"footnotes":""},"class_list":["post-1211","page","type-page","status-publish","hentry"],"yoast_head":"<!-- This site is optimized with the Yoast SEO plugin v27.3 - https:\/\/yoast.com\/product\/yoast-seo-wordpress\/ -->\n<title>Aide et accessibilit\u00e9 - Association pour la Recherche sur les S\u00e9quelles de la Radioth\u00e9rapie<\/title>\n<meta name=\"robots\" content=\"index, follow, max-snippet:-1, max-image-preview:large, max-video-preview:-1\" \/>\n<link rel=\"canonical\" href=\"https:\/\/arser.org\/fr\/aide-et-accessibilite\/\" \/>\n<meta property=\"og:locale\" content=\"fr_FR\" \/>\n<meta property=\"og:type\" content=\"article\" \/>\n<meta property=\"og:title\" content=\"Aide et accessibilit\u00e9 - Association pour la Recherche sur les S\u00e9quelles de la Radioth\u00e9rapie\" \/>\n<meta property=\"og:description\" content=\"L\u2019accessibilit\u00e9 du site a \u00e9t\u00e9 pens\u00e9e en partenariat avec son concepteur, sp\u00e9cialis\u00e9 dans l\u2019accessibilit\u00e9 du Web et la sensibilisation au handicap. Afin d\u2019atteindre un bon niveau d&rsquo;accessibilit\u00e9, certaines bonnes pratiques ont \u00e9t\u00e9 impl\u00e9ment\u00e9es \u00e0 chaque \u00e9tape du projet : de la phase de conception fonctionnelle, \u00e0 la cr\u00e9ation des maquettes, jusqu\u2019au d\u00e9veloppement technique. Ainsi, gr\u00e2ce &hellip; Continuer la lecture de &laquo;&nbsp;Aide et accessibilit\u00e9&nbsp;&raquo;\" \/>\n<meta property=\"og:url\" content=\"https:\/\/arser.org\/fr\/aide-et-accessibilite\/\" \/>\n<meta property=\"og:site_name\" content=\"Association pour la Recherche sur les S\u00e9quelles de la Radioth\u00e9rapie\" \/>\n<meta property=\"article:publisher\" content=\"https:\/\/www.facebook.com\/profile.php?id=100086562396208\" \/>\n<meta property=\"article:modified_time\" content=\"2025-06-02T15:01:29+00:00\" \/>\n<meta name=\"twitter:card\" content=\"summary_large_image\" \/>\n<meta name=\"twitter:label1\" content=\"Dur\u00e9e de lecture estim\u00e9e\" \/>\n\t<meta name=\"twitter:data1\" content=\"4 minutes\" \/>\n<script type=\"application\/ld+json\" class=\"yoast-schema-graph\">{\"@context\":\"https:\\\/\\\/schema.org\",\"@graph\":[{\"@type\":\"WebPage\",\"@id\":\"https:\\\/\\\/arser.org\\\/fr\\\/aide-et-accessibilite\\\/\",\"url\":\"https:\\\/\\\/arser.org\\\/fr\\\/aide-et-accessibilite\\\/\",\"name\":\"Aide et accessibilit\u00e9 - Association pour la Recherche sur les S\u00e9quelles de la Radioth\u00e9rapie\",\"isPartOf\":{\"@id\":\"https:\\\/\\\/arser.org\\\/fr\\\/#website\"},\"datePublished\":\"2017-03-25T08:49:24+00:00\",\"dateModified\":\"2025-06-02T15:01:29+00:00\",\"breadcrumb\":{\"@id\":\"https:\\\/\\\/arser.org\\\/fr\\\/aide-et-accessibilite\\\/#breadcrumb\"},\"inLanguage\":\"fr-FR\",\"potentialAction\":[{\"@type\":\"ReadAction\",\"target\":[[\"https:\\\/\\\/arser.org\\\/fr\\\/aide-et-accessibilite\\\/\"]]}]},{\"@type\":\"BreadcrumbList\",\"@id\":\"https:\\\/\\\/arser.org\\\/fr\\\/aide-et-accessibilite\\\/#breadcrumb\",\"itemListElement\":[{\"@type\":\"ListItem\",\"position\":1,\"name\":\"Accueil\",\"item\":\"https:\\\/\\\/arser.org\\\/fr\\\/\"},{\"@type\":\"ListItem\",\"position\":2,\"name\":\"Aide et accessibilit\u00e9\"}]},{\"@type\":\"WebSite\",\"@id\":\"https:\\\/\\\/arser.org\\\/fr\\\/#website\",\"url\":\"https:\\\/\\\/arser.org\\\/fr\\\/\",\"name\":\"Association pour la Recherche sur les S\u00e9quelles de la Radioth\u00e9rapie\",\"description\":\"Aider les patients ayant suivi une radioth\u00e9rapie \u00e0 en minimiser les s\u00e9quelles\",\"publisher\":{\"@id\":\"https:\\\/\\\/arser.org\\\/fr\\\/#organization\"},\"potentialAction\":[{\"@type\":\"SearchAction\",\"target\":{\"@type\":\"EntryPoint\",\"urlTemplate\":\"https:\\\/\\\/arser.org\\\/fr\\\/?s={search_term_string}\"},\"query-input\":{\"@type\":\"PropertyValueSpecification\",\"valueRequired\":true,\"valueName\":\"search_term_string\"}}],\"inLanguage\":\"fr-FR\"},{\"@type\":\"Organization\",\"@id\":\"https:\\\/\\\/arser.org\\\/fr\\\/#organization\",\"name\":\"Association pour la Recherche sur les S\u00e9quelles de la Radioth\u00e9rapie\",\"url\":\"https:\\\/\\\/arser.org\\\/fr\\\/\",\"logo\":{\"@type\":\"ImageObject\",\"inLanguage\":\"fr-FR\",\"@id\":\"https:\\\/\\\/arser.org\\\/fr\\\/#\\\/schema\\\/logo\\\/image\\\/\",\"url\":\"https:\\\/\\\/arser.org\\\/wp-content\\\/uploads\\\/2022\\\/03\\\/logo-Grand-ARSER-web-carre.jpg\",\"contentUrl\":\"https:\\\/\\\/arser.org\\\/wp-content\\\/uploads\\\/2022\\\/03\\\/logo-Grand-ARSER-web-carre.jpg\",\"width\":300,\"height\":300,\"caption\":\"Association pour la Recherche sur les S\u00e9quelles de la Radioth\u00e9rapie\"},\"image\":{\"@id\":\"https:\\\/\\\/arser.org\\\/fr\\\/#\\\/schema\\\/logo\\\/image\\\/\"},\"sameAs\":[\"https:\\\/\\\/www.facebook.com\\\/profile.php?id=100086562396208\"]}]}<\/script>\n<!-- \/ Yoast SEO plugin. -->","yoast_head_json":{"title":"Aide et accessibilit\u00e9 - Association pour la Recherche sur les S\u00e9quelles de la Radioth\u00e9rapie","robots":{"index":"index","follow":"follow","max-snippet":"max-snippet:-1","max-image-preview":"max-image-preview:large","max-video-preview":"max-video-preview:-1"},"canonical":"https:\/\/arser.org\/fr\/aide-et-accessibilite\/","og_locale":"fr_FR","og_type":"article","og_title":"Aide et accessibilit\u00e9 - Association pour la Recherche sur les S\u00e9quelles de la Radioth\u00e9rapie","og_description":"L\u2019accessibilit\u00e9 du site a \u00e9t\u00e9 pens\u00e9e en partenariat avec son concepteur, sp\u00e9cialis\u00e9 dans l\u2019accessibilit\u00e9 du Web et la sensibilisation au handicap. Afin d\u2019atteindre un bon niveau d&rsquo;accessibilit\u00e9, certaines bonnes pratiques ont \u00e9t\u00e9 impl\u00e9ment\u00e9es \u00e0 chaque \u00e9tape du projet : de la phase de conception fonctionnelle, \u00e0 la cr\u00e9ation des maquettes, jusqu\u2019au d\u00e9veloppement technique. Ainsi, gr\u00e2ce &hellip; Continuer la lecture de &laquo;&nbsp;Aide et accessibilit\u00e9&nbsp;&raquo;","og_url":"https:\/\/arser.org\/fr\/aide-et-accessibilite\/","og_site_name":"Association pour la Recherche sur les S\u00e9quelles de la Radioth\u00e9rapie","article_publisher":"https:\/\/www.facebook.com\/profile.php?id=100086562396208","article_modified_time":"2025-06-02T15:01:29+00:00","twitter_card":"summary_large_image","twitter_misc":{"Dur\u00e9e de lecture estim\u00e9e":"4 minutes"},"schema":{"@context":"https:\/\/schema.org","@graph":[{"@type":"WebPage","@id":"https:\/\/arser.org\/fr\/aide-et-accessibilite\/","url":"https:\/\/arser.org\/fr\/aide-et-accessibilite\/","name":"Aide et accessibilit\u00e9 - Association pour la Recherche sur les S\u00e9quelles de la Radioth\u00e9rapie","isPartOf":{"@id":"https:\/\/arser.org\/fr\/#website"},"datePublished":"2017-03-25T08:49:24+00:00","dateModified":"2025-06-02T15:01:29+00:00","breadcrumb":{"@id":"https:\/\/arser.org\/fr\/aide-et-accessibilite\/#breadcrumb"},"inLanguage":"fr-FR","potentialAction":[{"@type":"ReadAction","target":[["https:\/\/arser.org\/fr\/aide-et-accessibilite\/"]]}]},{"@type":"BreadcrumbList","@id":"https:\/\/arser.org\/fr\/aide-et-accessibilite\/#breadcrumb","itemListElement":[{"@type":"ListItem","position":1,"name":"Accueil","item":"https:\/\/arser.org\/fr\/"},{"@type":"ListItem","position":2,"name":"Aide et accessibilit\u00e9"}]},{"@type":"WebSite","@id":"https:\/\/arser.org\/fr\/#website","url":"https:\/\/arser.org\/fr\/","name":"Association pour la Recherche sur les S\u00e9quelles de la Radioth\u00e9rapie","description":"Aider les patients ayant suivi une radioth\u00e9rapie \u00e0 en minimiser les s\u00e9quelles","publisher":{"@id":"https:\/\/arser.org\/fr\/#organization"},"potentialAction":[{"@type":"SearchAction","target":{"@type":"EntryPoint","urlTemplate":"https:\/\/arser.org\/fr\/?s={search_term_string}"},"query-input":{"@type":"PropertyValueSpecification","valueRequired":true,"valueName":"search_term_string"}}],"inLanguage":"fr-FR"},{"@type":"Organization","@id":"https:\/\/arser.org\/fr\/#organization","name":"Association pour la Recherche sur les S\u00e9quelles de la Radioth\u00e9rapie","url":"https:\/\/arser.org\/fr\/","logo":{"@type":"ImageObject","inLanguage":"fr-FR","@id":"https:\/\/arser.org\/fr\/#\/schema\/logo\/image\/","url":"https:\/\/arser.org\/wp-content\/uploads\/2022\/03\/logo-Grand-ARSER-web-carre.jpg","contentUrl":"https:\/\/arser.org\/wp-content\/uploads\/2022\/03\/logo-Grand-ARSER-web-carre.jpg","width":300,"height":300,"caption":"Association pour la Recherche sur les S\u00e9quelles de la Radioth\u00e9rapie"},"image":{"@id":"https:\/\/arser.org\/fr\/#\/schema\/logo\/image\/"},"sameAs":["https:\/\/www.facebook.com\/profile.php?id=100086562396208"]}]}},"_links":{"self":[{"href":"https:\/\/arser.org\/fr\/wp-json\/wp\/v2\/pages\/1211","targetHints":{"allow":["GET"]}}],"collection":[{"href":"https:\/\/arser.org\/fr\/wp-json\/wp\/v2\/pages"}],"about":[{"href":"https:\/\/arser.org\/fr\/wp-json\/wp\/v2\/types\/page"}],"author":[{"embeddable":true,"href":"https:\/\/arser.org\/fr\/wp-json\/wp\/v2\/users\/1"}],"replies":[{"embeddable":true,"href":"https:\/\/arser.org\/fr\/wp-json\/wp\/v2\/comments?post=1211"}],"version-history":[{"count":14,"href":"https:\/\/arser.org\/fr\/wp-json\/wp\/v2\/pages\/1211\/revisions"}],"predecessor-version":[{"id":19103,"href":"https:\/\/arser.org\/fr\/wp-json\/wp\/v2\/pages\/1211\/revisions\/19103"}],"wp:attachment":[{"href":"https:\/\/arser.org\/fr\/wp-json\/wp\/v2\/media?parent=1211"}],"curies":[{"name":"wp","href":"https:\/\/api.w.org\/{rel}","templated":true}]}}